{"id":3529,"date":"2024-07-02T07:55:50","date_gmt":"2024-07-02T06:55:50","guid":{"rendered":"https:\/\/www.muboma.com\/accessibilitat\/"},"modified":"2024-07-02T07:55:52","modified_gmt":"2024-07-02T06:55:52","slug":"accessibilitat","status":"publish","type":"page","link":"https:\/\/muboma.com\/ca\/accessibilitat\/","title":{"rendered":"Accessibilitat &#8211; NOVA"},"content":{"rendered":"<p>[et_pb_section fb_built=&#8221;1&#8243; custom_padding_last_edited=&#8221;on|phone&#8221; admin_label=&#8221;CTA Section&#8221; module_id=&#8221;horari&#8221; _builder_version=&#8221;4.16&#8243; custom_margin=&#8221;||||false|false&#8221; custom_margin_tablet=&#8221;&#8221; custom_margin_phone=&#8221;&#8221; custom_margin_last_edited=&#8221;on|desktop&#8221; custom_padding=&#8221;120px||120px||true|false&#8221; custom_padding_tablet=&#8221;0px||60px||false|false&#8221; custom_padding_phone=&#8221;||40px||false|false&#8221; global_colors_info=&#8221;{}&#8221; custom_margin__hover_enabled=&#8221;off|desktop&#8221;][et_pb_row column_structure=&#8221;2_5,3_5&#8243; use_custom_gutter=&#8221;on&#8221; gutter_width=&#8221;1&#8243; custom_padding_last_edited=&#8221;on|phone&#8221; admin_label=&#8221;CTA Row&#8221; module_class=&#8221;reverse&#8221; _builder_version=&#8221;4.25.2&#8243; width_tablet=&#8221;100%&#8221; width_phone=&#8221;&#8221; width_last_edited=&#8221;on|tablet&#8221; max_width=&#8221;100%&#8221; custom_margin=&#8221;0px||||false|false&#8221; custom_margin_tablet=&#8221;&#8221; custom_margin_phone=&#8221;&#8221; custom_margin_last_edited=&#8221;on|tablet&#8221; custom_padding=&#8221;0px||0px||false|false&#8221; custom_padding_tablet=&#8221;&#8221; custom_padding_phone=&#8221;&#8221; global_colors_info=&#8221;{}&#8221;][et_pb_column type=&#8221;2_5&#8243; _builder_version=&#8221;4.16&#8243; background_color=&#8221;#E9F0F6&#8243; custom_padding=&#8221;80px|80px|80px|80px|true|true&#8221; custom_padding_tablet=&#8221;60px|40px|60px|40px|true|true&#8221; custom_padding_phone=&#8221;40px|40px|40px|40px|true|true&#8221; custom_padding_last_edited=&#8221;on|phone&#8221; box_shadow_style=&#8221;preset7&#8243; box_shadow_horizontal=&#8221;-320px&#8221; box_shadow_vertical=&#8221;-120px&#8221; box_shadow_color=&#8221;#0c1946&#8243; box_shadow_position=&#8221;outer&#8221; box_shadow_color_tablet=&#8221;rgba(0,0,0,0)&#8221; box_shadow_color_phone=&#8221;rgba(0,0,0,0)&#8221; box_shadow_color_last_edited=&#8221;on|phone&#8221; global_colors_info=&#8221;{}&#8221; custom_padding__hover=&#8221;|||&#8221;][et_pb_text admin_label=&#8221;Title&#8221; _builder_version=&#8221;4.25.2&#8243; text_font=&#8221;||||||||&#8221; text_font_size=&#8221;18px&#8221; text_line_height=&#8221;1.6em&#8221; header_font=&#8221;|700|||||||&#8221; header_text_align=&#8221;left&#8221; header_font_size=&#8221;52px&#8221; header_line_height=&#8221;1.4em&#8221; header_2_font=&#8221;|800|||||||&#8221; header_2_text_align=&#8221;left&#8221; header_2_font_size=&#8221;42px&#8221; header_2_line_height=&#8221;1.4em&#8221; header_3_font=&#8221;|800|||||||&#8221; header_3_text_align=&#8221;left&#8221; header_3_font_size=&#8221;25px&#8221; header_3_line_height=&#8221;1.4em&#8221; header_4_font=&#8221;|700|||||||&#8221; header_4_text_align=&#8221;left&#8221; header_4_font_size=&#8221;52px&#8221; header_4_line_height=&#8221;1.4em&#8221; header_5_font=&#8221;|700|||||||&#8221; header_5_text_align=&#8221;left&#8221; header_5_font_size=&#8221;52px&#8221; header_5_line_height=&#8221;1.4em&#8221; header_6_font=&#8221;|700|||||||&#8221; header_6_text_align=&#8221;left&#8221; header_6_font_size=&#8221;52px&#8221; header_6_line_height=&#8221;1.4em&#8221; max_width_last_edited=&#8221;off|desktop&#8221; custom_margin=&#8221;||||false|true&#8221; custom_margin_tablet=&#8221;|||0px|false|false&#8221; custom_margin_phone=&#8221;&#8221; custom_margin_last_edited=&#8221;on|phone&#8221; custom_padding=&#8221;||||false|true&#8221; custom_padding_tablet=&#8221;||||false|true&#8221; custom_padding_phone=&#8221;&#8221; custom_padding_last_edited=&#8221;on|phone&#8221; header_font_size_tablet=&#8221;&#8221; header_font_size_phone=&#8221;50px&#8221; header_font_size_last_edited=&#8221;on|phone&#8221; header_2_font_size_tablet=&#8221;36px&#8221; header_2_font_size_phone=&#8221;32px&#8221; header_2_font_size_last_edited=&#8221;on|phone&#8221; header_3_font_size_tablet=&#8221;&#8221; header_3_font_size_phone=&#8221;25px&#8221; header_3_font_size_last_edited=&#8221;on|phone&#8221; header_4_font_size_tablet=&#8221;&#8221; header_4_font_size_phone=&#8221;50px&#8221; header_4_font_size_last_edited=&#8221;on|phone&#8221; header_5_font_size_tablet=&#8221;&#8221; header_5_font_size_phone=&#8221;50px&#8221; header_5_font_size_last_edited=&#8221;on|phone&#8221; header_6_font_size_tablet=&#8221;&#8221; header_6_font_size_phone=&#8221;50px&#8221; header_6_font_size_last_edited=&#8221;on|phone&#8221; global_colors_info=&#8221;{}&#8221;]<\/p>\n<h3>Horari <\/h3>\n<p><strong>De Dilluns a Dijous:<\/strong> de 10 a 16h.<\/p>\n<p><strong>Divendres:<\/strong> de 10 a 14h i de 16 a 18h.<\/p>\n<p><strong>Dissabtes:<\/strong> de 10 a 14h.<\/p>\n<p><strong>Diumenges i festius:<\/strong> de 11 a 14h.<\/p>\n<p><strong>Tancat:<\/strong> 1 i 6 de gener i 25 de desembre.<\/p>\n<h3 style=\"margin-top: 20px;\">Tarifes<\/h3>\n<p><strong>Preu ordinari<\/strong><\/p>\n<p>Visita al Museu: 3\u20ac<\/p>\n<p>Tots els diumenges: 1\u20ac<\/p>\n<p><strong>Preus redu\u00efts<\/strong><\/p>\n<p>Xiquets i xiquetes entre 7 i 15 a\u00f1os: 1,50\u20ac<\/p>\n<p>Titulars del carnet Jove (fins als 26 anys): 1,50\u20ac<\/p>\n<p>Titulars del carnet d\u2019estudiant (fins als 26 anys): 1,50\u20ac<\/p>\n<p>Grups d\u2019adults de m\u00e9s de 15 persones: 1,50 \u20ac \/ persona<\/p>\n<p>*Els grups que ho desitjen podran sol\u00b7licitar visita guiada amb 15 dies d\u2019antelaci\u00f3. M\u00ednim de 15 persones majors de 7 anys. L\u2019entrada de grup es cobrar\u00e0 \u00edntegra.<\/p>\n<p>Majors de 65 anys i\/o jubilats: 1,50 \u20ac<\/p>\n<p><strong>Entrada gratu\u00efta<\/strong><\/p>\n<p>Menors de 7 anys<\/p>\n<p>Persones amb diversitat funcional* <em>Tamb\u00e9 els assitents personals o altres persones de recolzament tindran dret a accedir gratuitament acompanyant la persona amb discapacitat, sempre que aquesta aix\u00ed ho requerisca.<\/em><\/p>\n<p>Profesors acreditant alguna identificaci\u00f3*<\/p>\n<p>Traballadors i extraballadors del Consorci Provincial* + nucli familiar + dos persones com acompanyants.<\/p>\n<p><em>* Acreditar en taquilla.<\/em><\/p>\n<p>[\/et_pb_text][et_pb_button button_url=&#8221;https:\/\/muboma.com\/wp-content\/uploads\/Normas-y-Servicios-Muboma.pdf&#8221; url_new_window=&#8221;on&#8221; button_text=&#8221;Normes y Serveis&#8221; _builder_version=&#8221;4.16&#8243; custom_button=&#8221;on&#8221; button_text_size=&#8221;18px&#8221; button_text_color=&#8221;#ffffff&#8221; button_bg_color=&#8221;#f4583f&#8221; button_border_width=&#8221;10px&#8221; button_border_color=&#8221;#f4583f&#8221; button_border_radius=&#8221;0px&#8221; button_font=&#8221;|600|||||||&#8221; button_use_icon=&#8221;off&#8221; custom_margin=&#8221;40px||||false|false&#8221; custom_margin_tablet=&#8221;30px|||0px|false|false&#8221; custom_margin_phone=&#8221;20px||||false|false&#8221; custom_margin_last_edited=&#8221;on|phone&#8221; custom_padding=&#8221;|||&#8221; button_text_size_tablet=&#8221;16px&#8221; button_text_size_phone=&#8221;&#8221; button_text_size_last_edited=&#8221;on|phone&#8221; button_border_radius_hover=&#8221;0px&#8221; global_colors_info=&#8221;{}&#8221; button_text_size__hover_enabled=&#8221;off&#8221; button_one_text_size__hover_enabled=&#8221;off&#8221; button_two_text_size__hover_enabled=&#8221;off&#8221; button_text_color__hover_enabled=&#8221;off&#8221; button_one_text_color__hover_enabled=&#8221;off&#8221; button_two_text_color__hover_enabled=&#8221;off&#8221; button_border_width__hover_enabled=&#8221;off&#8221; button_one_border_width__hover_enabled=&#8221;off&#8221; button_two_border_width__hover_enabled=&#8221;off&#8221; button_border_color__hover_enabled=&#8221;on|hover&#8221; button_one_border_color__hover_enabled=&#8221;off&#8221; button_two_border_color__hover_enabled=&#8221;off&#8221; button_border_radius__hover_enabled=&#8221;on&#8221; button_border_radius__hover=&#8221;0px&#8221; button_one_border_radius__hover_enabled=&#8221;off&#8221; button_two_border_radius__hover_enabled=&#8221;off&#8221; button_letter_spacing__hover_enabled=&#8221;off&#8221; button_one_letter_spacing__hover_enabled=&#8221;off&#8221; button_two_letter_spacing__hover_enabled=&#8221;off&#8221; button_bg_color__hover_enabled=&#8221;on|hover&#8221; button_one_bg_color__hover_enabled=&#8221;off&#8221; button_two_bg_color__hover_enabled=&#8221;off&#8221; button_bg_color__hover=&#8221;#0c1946&#8243; button_bg_enable_color__hover=&#8221;on&#8221; button_border_color__hover=&#8221;#0c1946&#8243;][\/et_pb_button][\/et_pb_column][et_pb_column type=&#8221;3_5&#8243; _builder_version=&#8221;4.16&#8243; custom_padding=&#8221;|0px||120px|false|false&#8221; custom_padding_tablet=&#8221;40px|40px|40px|40px|true|true&#8221; custom_padding_phone=&#8221;40px|40px|40px|40px|true|true&#8221; custom_padding_last_edited=&#8221;on|phone&#8221; global_colors_info=&#8221;{}&#8221; custom_padding__hover=&#8221;|||&#8221;][et_pb_text admin_label=&#8221;Title&#8221; _builder_version=&#8221;4.25.2&#8243; text_font=&#8221;Muli|600|||||||&#8221; text_font_size=&#8221;18px&#8221; header_font=&#8221;|800|||||||&#8221; header_text_align=&#8221;left&#8221; header_line_height=&#8221;1.4em&#8221; header_2_font=&#8221;|800|||||||&#8221; header_2_text_align=&#8221;left&#8221; header_2_font_size=&#8221;52px&#8221; header_2_line_height=&#8221;1.4em&#8221; header_3_font=&#8221;|800|||||||&#8221; header_3_text_align=&#8221;left&#8221; header_3_font_size=&#8221;52px&#8221; header_3_line_height=&#8221;1.4em&#8221; header_4_font=&#8221;|800|||||||&#8221; header_4_text_align=&#8221;left&#8221; header_4_font_size=&#8221;52px&#8221; header_4_line_height=&#8221;1.4em&#8221; header_5_font=&#8221;|800|||||||&#8221; header_5_text_align=&#8221;left&#8221; header_5_font_size=&#8221;52px&#8221; header_5_line_height=&#8221;1.4em&#8221; header_6_font=&#8221;|800|||||||&#8221; header_6_text_align=&#8221;left&#8221; header_6_font_size=&#8221;52px&#8221; header_6_line_height=&#8221;1.4em&#8221; max_width_last_edited=&#8221;off|desktop&#8221; min_height=&#8221;69.8px&#8221; custom_margin=&#8221;0px||0px||false|false&#8221; custom_margin_tablet=&#8221;0vw||||false|false&#8221; custom_margin_phone=&#8221;||||false|false&#8221; custom_margin_last_edited=&#8221;on|tablet&#8221; custom_padding=&#8221;||0px||false|false&#8221; header_font_size_tablet=&#8221;36px&#8221; header_font_size_phone=&#8221;32px&#8221; header_font_size_last_edited=&#8221;on|phone&#8221; header_2_font_size_tablet=&#8221;42px&#8221; header_2_font_size_phone=&#8221;32px&#8221; header_2_font_size_last_edited=&#8221;on|desktop&#8221; header_3_font_size_tablet=&#8221;42px&#8221; header_3_font_size_phone=&#8221;32px&#8221; header_3_font_size_last_edited=&#8221;on|desktop&#8221; header_4_font_size_tablet=&#8221;42px&#8221; header_4_font_size_phone=&#8221;32px&#8221; header_4_font_size_last_edited=&#8221;on|desktop&#8221; header_5_font_size_tablet=&#8221;42px&#8221; header_5_font_size_phone=&#8221;32px&#8221; header_5_font_size_last_edited=&#8221;on|desktop&#8221; header_6_font_size_tablet=&#8221;42px&#8221; header_6_font_size_phone=&#8221;32px&#8221; header_6_font_size_last_edited=&#8221;on|desktop&#8221; locked=&#8221;off&#8221; global_colors_info=&#8221;{}&#8221;]<\/p>\n<h1>El MuBoma accessible<\/h1>\n<p>[\/et_pb_text][et_pb_text admin_label=&#8221;Paragraph&#8221; _builder_version=&#8221;4.25.2&#8243; text_font=&#8221;||||||||&#8221; text_font_size=&#8221;20px&#8221; text_line_height=&#8221;1.8em&#8221; header_font=&#8221;||||||||&#8221; header_2_font=&#8221;Muli|700|||||||&#8221; header_2_font_size=&#8221;50px&#8221; header_2_line_height=&#8221;1.4em&#8221; max_width_last_edited=&#8221;off|desktop&#8221; module_alignment=&#8221;center&#8221; custom_margin=&#8221;||||false|false&#8221; custom_margin_tablet=&#8221;0px||0px||false|false&#8221; custom_margin_phone=&#8221;&#8221; custom_margin_last_edited=&#8221;on|tablet&#8221; custom_padding=&#8221;|||&#8221; custom_padding_tablet=&#8221;0px|0px|0px|0px|false|false&#8221; custom_padding_phone=&#8221;||0px||false|false&#8221; custom_padding_last_edited=&#8221;on|tablet&#8221; hover_enabled=&#8221;0&#8243; text_font_size_tablet=&#8221;20px&#8221; text_font_size_phone=&#8221;18px&#8221; text_font_size_last_edited=&#8221;on|desktop&#8221; text_text_align=&#8221;left&#8221; global_colors_info=&#8221;{}&#8221; sticky_enabled=&#8221;0&#8243;]<\/p>\n<p>El nostre principal objectiu \u00e9s ser un museu per a tots i totes, un espai accessible per a totes les persones on la mobilitat redu\u00efda no siga un obstacle. Cal tenir en compte que l&#8217;edifici hist\u00f2ric es troba en una zona de la ciutat al costat del riu, per la qual cosa s&#8217;ha intentat fer-hi un acc\u00e9s amb rampa que permeta l&#8217;arribada.<\/p>\n<p>Tamb\u00e9 estem treballant per eliminar les barreres a accedir a la informaci\u00f3 perqu\u00e8 el museu siga un agent real d&#8217;inclusi\u00f3 social. Poc a poc anirem implementant totes les millores necess\u00e0ries.<\/p>\n<p>[\/et_pb_text][et_pb_text admin_label=&#8221;Title&#8221; _builder_version=&#8221;4.25.2&#8243; text_font=&#8221;||||||||&#8221; text_font_size=&#8221;18px&#8221; text_line_height=&#8221;2em&#8221; header_font=&#8221;|700|||||||&#8221; header_text_align=&#8221;left&#8221; header_font_size=&#8221;52px&#8221; header_line_height=&#8221;1.4em&#8221; header_2_font=&#8221;|800|||||||&#8221; header_2_text_align=&#8221;left&#8221; header_2_font_size=&#8221;32px&#8221; header_2_line_height=&#8221;1.4em&#8221; header_3_font=&#8221;|800|||||||&#8221; header_3_text_align=&#8221;left&#8221; header_3_font_size=&#8221;25px&#8221; header_3_line_height=&#8221;1.4em&#8221; header_4_font=&#8221;|700|||||||&#8221; header_4_text_align=&#8221;left&#8221; header_4_font_size=&#8221;52px&#8221; header_4_line_height=&#8221;1.4em&#8221; header_5_font=&#8221;|700|||||||&#8221; header_5_text_align=&#8221;left&#8221; header_5_font_size=&#8221;52px&#8221; header_5_line_height=&#8221;1.4em&#8221; header_6_font=&#8221;|700|||||||&#8221; header_6_text_align=&#8221;left&#8221; header_6_font_size=&#8221;52px&#8221; header_6_line_height=&#8221;1.4em&#8221; max_width_last_edited=&#8221;off|desktop&#8221; custom_margin=&#8221;20px||||false|false&#8221; custom_margin_tablet=&#8221;0px|||0px&#8221; custom_margin_phone=&#8221;&#8221; custom_margin_last_edited=&#8221;on|tablet&#8221; custom_padding=&#8221;||||false|false&#8221; custom_padding_tablet=&#8221;|||0px|false|false&#8221; custom_padding_phone=&#8221;&#8221; custom_padding_last_edited=&#8221;on|desktop&#8221; text_font_size_tablet=&#8221;18px&#8221; text_font_size_phone=&#8221;18px&#8221; text_font_size_last_edited=&#8221;on|phone&#8221; header_font_size_tablet=&#8221;&#8221; header_font_size_phone=&#8221;50px&#8221; header_font_size_last_edited=&#8221;on|phone&#8221; header_2_font_size_tablet=&#8221;32px&#8221; header_2_font_size_phone=&#8221;32px&#8221; header_2_font_size_last_edited=&#8221;on|phone&#8221; header_3_font_size_tablet=&#8221;&#8221; header_3_font_size_phone=&#8221;25px&#8221; header_3_font_size_last_edited=&#8221;on|phone&#8221; header_4_font_size_tablet=&#8221;&#8221; header_4_font_size_phone=&#8221;50px&#8221; header_4_font_size_last_edited=&#8221;on|phone&#8221; header_5_font_size_tablet=&#8221;&#8221; header_5_font_size_phone=&#8221;50px&#8221; header_5_font_size_last_edited=&#8221;on|phone&#8221; header_6_font_size_tablet=&#8221;&#8221; header_6_font_size_phone=&#8221;50px&#8221; header_6_font_size_last_edited=&#8221;on|phone&#8221; global_colors_info=&#8221;{}&#8221;]<\/p>\n<h2>Accessibilitat f\u00edsica<\/h2>\n<p>El MuBoma ha estat dissenyat sense barreres arquitect\u00f2niques per superar, salvant la difer\u00e8ncia de plantes a trav\u00e9s d&#8217;un ascensor.<\/p>\n<p>Els lavabos estan adaptats a cadires de rodes.<\/p>\n<p>El Museu t\u00e9 a disposici\u00f3 dels visitants que ho sol\u00b7licitin una cadira de rodes gratu\u00efta per facilitar el recorregut.<\/p>\n<p>El museu disposa de seients i zones de descans al llarg de tot el recorregut. En cas de necessitats m\u00e9s espec\u00edfiques poseu-vos en contacte amb el personal del museu.<\/p>\n<p>Els vehicles de persones amb discapacitat que ho requereixin podran accedir fins a la porta del Museu, pr\u00e8via sol\u00b7licitud 48 hores abans de la visita, al tel\u00e8fon 965 544 418 o enviant un correu a visitas@muboma.com. Es disposa de pla\u00e7a adaptada a l\u2019interior del recinte.<\/p>\n<h2>Accessibilitat idiom\u00e0tica<\/h2>\n<p>El Museu \u00e9s multiling\u00fce a tota la informaci\u00f3 que es distribueix al llarg del recorregut. Les cartel\u00b7les, v\u00eddeos i els textos de sala estan escrits en espanyol, valenci\u00e0 i angl\u00e8s. Tamb\u00e9 trobareu a recepci\u00f3 un quadern amb la traducci\u00f3 al franc\u00e8s.<\/p>\n<h2>Accessibilitat cognitiva<\/h2>\n<p>Les visites guiades es poden adaptar als diferents nivells cognitius per a persones amb discapacitat intel\u00b7lectual. Les reserves sempre seran per a grups, s&#8217;han de fer amb una antelaci\u00f3 de 15 dies.<\/p>\n<h2>Accessibilitat visual<\/h2>\n<p>Els ascensors del Museu estan senyalitzats en braille i alt relleu.<\/p>\n<p>Cal tenir en compte que la pr\u00f2pia exposici\u00f3 i les necessitats de conservaci\u00f3 del tipus de fons que alberga (teixits, cuirs, etc.) requereix un nivell d&#8217;il\u00b7luminaci\u00f3 de les sales baix.<\/p>\n<p>Les visites guiades es poden adaptar a un grup de persones amb discapacitat visual amb estacions t\u00e0ctils diferents que permetin con\u00e8ixer l&#8217;exposici\u00f3 a trav\u00e9s d&#8217;una experi\u00e8ncia singular. Les reserves sempre seran per a grups limitats, s&#8217;han de fer amb una antelaci\u00f3 de 15 dies.<\/p>\n<h2>Altres:<\/h2>\n<p>El MuBoma ha estat incl\u00f2s en una ruta de turisme accessible \u201cEntre xemeneies (Ontinyent i Alcoi)\u201d dissenyada per COCEMFE CV (Confederaci\u00f3 Espanyola de Persones amb Discapacitat f\u00edsica i Org\u00e0nica): https:\/\/cocemfecv.org\/turismo-accesible-2- 2\/#guies-turisme<\/p>\n<p>[\/et_pb_text][\/et_pb_column][\/et_pb_row][\/et_pb_section]<\/p>\n","protected":false},"excerpt":{"rendered":"<p>Horari De Dilluns a Dijous: de 10 a 16h. Divendres: de 10 a 14h i de 16 a 18h. Dissabtes: de 10 a 14h. Diumenges i festius: de 11 a 14h. Tancat: 1 i 6 de gener i 25 de desembre. Tarifes Preu ordinari Visita al Museu: 3\u20ac Tots els diumenges: 1\u20ac Preus redu\u00efts Xiquets [&hellip;]<\/p>\n","protected":false},"author":2,"featured_media":0,"parent":0,"menu_order":10,"comment_status":"closed","ping_status":"closed","template":"","meta":{"_et_pb_use_builder":"on","_et_pb_old_content":"","_et_gb_content_width":"","footnotes":""},"class_list":["post-3529","page","type-page","status-publish","hentry"],"yoast_head":"<!-- This site is optimized with the Yoast SEO plugin v24.1 - https:\/\/yoast.com\/wordpress\/plugins\/seo\/ -->\n<title>Descubre MUBOMA - Museo de Bomberos de la Provincia de Alicante<\/title>\n<meta name=\"description\" content=\"Descubre MUBOMA, el primer Museo de Bomberos de la Comunidad Valenciana. Un espacio de contenido innovador, ubicado en la ciudad de Alcoy (Alicante).\" \/>\n<meta name=\"robots\" content=\"index, follow, max-snippet:-1, max-image-preview:large, max-video-preview:-1\" \/>\n<link rel=\"canonical\" href=\"https:\/\/muboma.com\/ca\/accessibilitat\/\" \/>\n<meta property=\"og:locale\" content=\"ca_ES\" \/>\n<meta property=\"og:type\" content=\"article\" \/>\n<meta property=\"og:title\" content=\"Descubre MUBOMA - Museo de Bomberos de la Provincia de Alicante\" \/>\n<meta property=\"og:description\" content=\"Descubre MUBOMA, el primer Museo de Bomberos de la Comunidad Valenciana. Un espacio de contenido innovador, ubicado en la ciudad de Alcoy (Alicante).\" \/>\n<meta property=\"og:url\" content=\"https:\/\/muboma.com\/ca\/accessibilitat\/\" \/>\n<meta property=\"og:site_name\" content=\"MUBOMA\" \/>\n<meta property=\"article:publisher\" content=\"https:\/\/www.facebook.com\/MUBOMA\/\" \/>\n<meta property=\"article:modified_time\" content=\"2024-07-02T06:55:52+00:00\" \/>\n<meta property=\"og:image\" content=\"https:\/\/muboma.com\/wp-content\/uploads\/logo-muboma-1.png\" \/>\n\t<meta property=\"og:image:width\" content=\"197\" \/>\n\t<meta property=\"og:image:height\" content=\"48\" \/>\n\t<meta property=\"og:image:type\" content=\"image\/png\" \/>\n<meta name=\"twitter:card\" content=\"summary_large_image\" \/>\n<meta name=\"twitter:site\" content=\"@MUBOMA\" \/>\n<meta name=\"twitter:label1\" content=\"Temps estimat de lectura\" \/>\n\t<meta name=\"twitter:data1\" content=\"10 minuts\" \/>\n<script type=\"application\/ld+json\" class=\"yoast-schema-graph\">{\"@context\":\"https:\/\/schema.org\",\"@graph\":[{\"@type\":\"WebPage\",\"@id\":\"https:\/\/muboma.com\/ca\/accessibilitat\/\",\"url\":\"https:\/\/muboma.com\/ca\/accessibilitat\/\",\"name\":\"Descubre MUBOMA - Museo de Bomberos de la Provincia de Alicante\",\"isPartOf\":{\"@id\":\"https:\/\/muboma.com\/#website\"},\"datePublished\":\"2024-07-02T06:55:50+00:00\",\"dateModified\":\"2024-07-02T06:55:52+00:00\",\"description\":\"Descubre MUBOMA, el primer Museo de Bomberos de la Comunidad Valenciana. Un espacio de contenido innovador, ubicado en la ciudad de Alcoy (Alicante).\",\"breadcrumb\":{\"@id\":\"https:\/\/muboma.com\/ca\/accessibilitat\/#breadcrumb\"},\"inLanguage\":\"ca\",\"potentialAction\":[{\"@type\":\"ReadAction\",\"target\":[\"https:\/\/muboma.com\/ca\/accessibilitat\/\"]}]},{\"@type\":\"BreadcrumbList\",\"@id\":\"https:\/\/muboma.com\/ca\/accessibilitat\/#breadcrumb\",\"itemListElement\":[{\"@type\":\"ListItem\",\"position\":1,\"name\":\"Portada\",\"item\":\"https:\/\/muboma.com\/ca\/\"},{\"@type\":\"ListItem\",\"position\":2,\"name\":\"Accessibilitat &#8211; NOVA\"}]},{\"@type\":\"WebSite\",\"@id\":\"https:\/\/muboma.com\/#website\",\"url\":\"https:\/\/muboma.com\/\",\"name\":\"MUBOMA\",\"description\":\"Museo de Bomberos del Consorcio Provincial de Alicante\",\"publisher\":{\"@id\":\"https:\/\/muboma.com\/#organization\"},\"potentialAction\":[{\"@type\":\"SearchAction\",\"target\":{\"@type\":\"EntryPoint\",\"urlTemplate\":\"https:\/\/muboma.com\/?s={search_term_string}\"},\"query-input\":{\"@type\":\"PropertyValueSpecification\",\"valueRequired\":true,\"valueName\":\"search_term_string\"}}],\"inLanguage\":\"ca\"},{\"@type\":\"Organization\",\"@id\":\"https:\/\/muboma.com\/#organization\",\"name\":\"MUBOMA\",\"url\":\"https:\/\/muboma.com\/\",\"logo\":{\"@type\":\"ImageObject\",\"inLanguage\":\"ca\",\"@id\":\"https:\/\/muboma.com\/#\/schema\/logo\/image\/\",\"url\":\"https:\/\/muboma.com\/wp-content\/uploads\/logo-muboma-1.png\",\"contentUrl\":\"https:\/\/muboma.com\/wp-content\/uploads\/logo-muboma-1.png\",\"width\":197,\"height\":48,\"caption\":\"MUBOMA\"},\"image\":{\"@id\":\"https:\/\/muboma.com\/#\/schema\/logo\/image\/\"},\"sameAs\":[\"https:\/\/www.facebook.com\/MUBOMA\/\",\"https:\/\/x.com\/MUBOMA\",\"https:\/\/www.instagram.com\/muboma_museo_bomberos\/\",\"https:\/\/www.youtube.com\/user\/MuseoMuboma\"]}]}<\/script>\n<!-- \/ Yoast SEO plugin. -->","yoast_head_json":{"title":"Descubre MUBOMA - Museo de Bomberos de la Provincia de Alicante","description":"Descubre MUBOMA, el primer Museo de Bomberos de la Comunidad Valenciana. Un espacio de contenido innovador, ubicado en la ciudad de Alcoy (Alicante).","robots":{"index":"index","follow":"follow","max-snippet":"max-snippet:-1","max-image-preview":"max-image-preview:large","max-video-preview":"max-video-preview:-1"},"canonical":"https:\/\/muboma.com\/ca\/accessibilitat\/","og_locale":"ca_ES","og_type":"article","og_title":"Descubre MUBOMA - Museo de Bomberos de la Provincia de Alicante","og_description":"Descubre MUBOMA, el primer Museo de Bomberos de la Comunidad Valenciana. Un espacio de contenido innovador, ubicado en la ciudad de Alcoy (Alicante).","og_url":"https:\/\/muboma.com\/ca\/accessibilitat\/","og_site_name":"MUBOMA","article_publisher":"https:\/\/www.facebook.com\/MUBOMA\/","article_modified_time":"2024-07-02T06:55:52+00:00","og_image":[{"width":197,"height":48,"url":"https:\/\/muboma.com\/wp-content\/uploads\/logo-muboma-1.png","type":"image\/png"}],"twitter_card":"summary_large_image","twitter_site":"@MUBOMA","twitter_misc":{"Temps estimat de lectura":"10 minuts"},"schema":{"@context":"https:\/\/schema.org","@graph":[{"@type":"WebPage","@id":"https:\/\/muboma.com\/ca\/accessibilitat\/","url":"https:\/\/muboma.com\/ca\/accessibilitat\/","name":"Descubre MUBOMA - Museo de Bomberos de la Provincia de Alicante","isPartOf":{"@id":"https:\/\/muboma.com\/#website"},"datePublished":"2024-07-02T06:55:50+00:00","dateModified":"2024-07-02T06:55:52+00:00","description":"Descubre MUBOMA, el primer Museo de Bomberos de la Comunidad Valenciana. Un espacio de contenido innovador, ubicado en la ciudad de Alcoy (Alicante).","breadcrumb":{"@id":"https:\/\/muboma.com\/ca\/accessibilitat\/#breadcrumb"},"inLanguage":"ca","potentialAction":[{"@type":"ReadAction","target":["https:\/\/muboma.com\/ca\/accessibilitat\/"]}]},{"@type":"BreadcrumbList","@id":"https:\/\/muboma.com\/ca\/accessibilitat\/#breadcrumb","itemListElement":[{"@type":"ListItem","position":1,"name":"Portada","item":"https:\/\/muboma.com\/ca\/"},{"@type":"ListItem","position":2,"name":"Accessibilitat &#8211; NOVA"}]},{"@type":"WebSite","@id":"https:\/\/muboma.com\/#website","url":"https:\/\/muboma.com\/","name":"MUBOMA","description":"Museo de Bomberos del Consorcio Provincial de Alicante","publisher":{"@id":"https:\/\/muboma.com\/#organization"},"potentialAction":[{"@type":"SearchAction","target":{"@type":"EntryPoint","urlTemplate":"https:\/\/muboma.com\/?s={search_term_string}"},"query-input":{"@type":"PropertyValueSpecification","valueRequired":true,"valueName":"search_term_string"}}],"inLanguage":"ca"},{"@type":"Organization","@id":"https:\/\/muboma.com\/#organization","name":"MUBOMA","url":"https:\/\/muboma.com\/","logo":{"@type":"ImageObject","inLanguage":"ca","@id":"https:\/\/muboma.com\/#\/schema\/logo\/image\/","url":"https:\/\/muboma.com\/wp-content\/uploads\/logo-muboma-1.png","contentUrl":"https:\/\/muboma.com\/wp-content\/uploads\/logo-muboma-1.png","width":197,"height":48,"caption":"MUBOMA"},"image":{"@id":"https:\/\/muboma.com\/#\/schema\/logo\/image\/"},"sameAs":["https:\/\/www.facebook.com\/MUBOMA\/","https:\/\/x.com\/MUBOMA","https:\/\/www.instagram.com\/muboma_museo_bomberos\/","https:\/\/www.youtube.com\/user\/MuseoMuboma"]}]}},"_links":{"self":[{"href":"https:\/\/muboma.com\/ca\/wp-json\/wp\/v2\/pages\/3529","targetHints":{"allow":["GET"]}}],"collection":[{"href":"https:\/\/muboma.com\/ca\/wp-json\/wp\/v2\/pages"}],"about":[{"href":"https:\/\/muboma.com\/ca\/wp-json\/wp\/v2\/types\/page"}],"author":[{"embeddable":true,"href":"https:\/\/muboma.com\/ca\/wp-json\/wp\/v2\/users\/2"}],"replies":[{"embeddable":true,"href":"https:\/\/muboma.com\/ca\/wp-json\/wp\/v2\/comments?post=3529"}],"version-history":[{"count":2,"href":"https:\/\/muboma.com\/ca\/wp-json\/wp\/v2\/pages\/3529\/revisions"}],"predecessor-version":[{"id":3533,"href":"https:\/\/muboma.com\/ca\/wp-json\/wp\/v2\/pages\/3529\/revisions\/3533"}],"wp:attachment":[{"href":"https:\/\/muboma.com\/ca\/wp-json\/wp\/v2\/media?parent=3529"}],"curies":[{"name":"wp","href":"https:\/\/api.w.org\/{rel}","templated":true}]}}