{"id":760,"date":"2020-03-25T17:59:59","date_gmt":"2020-03-25T16:59:59","guid":{"rendered":"http:\/\/www.muboma.com\/noticies\/"},"modified":"2024-03-27T13:46:21","modified_gmt":"2024-03-27T12:46:21","slug":"noticies","status":"publish","type":"page","link":"https:\/\/muboma.com\/ca\/noticies\/","title":{"rendered":"Not\u00edcies"},"content":{"rendered":"<p>[et_pb_section fb_built=&#8221;1&#8243; custom_padding_last_edited=&#8221;on|tablet&#8221; _builder_version=&#8221;4.3.2&#8243; background_color=&#8221;#E9F0F6&#8243; background_enable_image=&#8221;off&#8221; background_size=&#8221;initial&#8221; background_position=&#8221;center_right&#8221; custom_padding=&#8221;100px||100px||true|false&#8221; custom_padding_tablet=&#8221;60px||60px||true|false&#8221; custom_padding_phone=&#8221;40px||40px||true|false&#8221; background_last_edited=&#8221;on|phone&#8221; background_enable_image_tablet=&#8221;off&#8221; locked=&#8221;off&#8221;][et_pb_row _builder_version=&#8221;4.3.2&#8243; custom_margin_tablet=&#8221;||0px||false|false&#8221; custom_margin_phone=&#8221;||0px||false|false&#8221; custom_margin_last_edited=&#8221;on|phone&#8221; custom_padding=&#8221;0px||0px||false|false&#8221;][et_pb_column type=&#8221;4_4&#8243; _builder_version=&#8221;4.3.2&#8243;][et_pb_text admin_label=&#8221;Title&#8221; _builder_version=&#8221;4.3.2&#8243; text_font=&#8221;Muli|600|||||||&#8221; text_font_size=&#8221;18px&#8221; header_font=&#8221;|800|||||||&#8221; header_text_align=&#8221;left&#8221; header_line_height=&#8221;1.4em&#8221; header_2_font=&#8221;|800|||||||&#8221; header_2_text_align=&#8221;left&#8221; header_2_font_size=&#8221;52px&#8221; header_2_line_height=&#8221;1.4em&#8221; header_3_font=&#8221;|800|||||||&#8221; header_3_text_align=&#8221;left&#8221; header_3_font_size=&#8221;52px&#8221; header_3_line_height=&#8221;1.4em&#8221; header_4_font=&#8221;|800|||||||&#8221; header_4_text_align=&#8221;left&#8221; header_4_font_size=&#8221;52px&#8221; header_4_line_height=&#8221;1.4em&#8221; header_5_font=&#8221;|800|||||||&#8221; header_5_text_align=&#8221;left&#8221; header_5_font_size=&#8221;52px&#8221; header_5_line_height=&#8221;1.4em&#8221; header_6_font=&#8221;|800|||||||&#8221; header_6_text_align=&#8221;left&#8221; header_6_font_size=&#8221;52px&#8221; header_6_line_height=&#8221;1.4em&#8221; max_width_last_edited=&#8221;off|desktop&#8221; custom_margin=&#8221;0px||0px||false|false&#8221; custom_margin_tablet=&#8221;0vw||||false|false&#8221; custom_margin_phone=&#8221;||||false|false&#8221; custom_margin_last_edited=&#8221;on|tablet&#8221; custom_padding=&#8221;||0px||false|false&#8221; header_font_size_tablet=&#8221;36px&#8221; header_font_size_phone=&#8221;32px&#8221; header_font_size_last_edited=&#8221;on|phone&#8221; header_2_font_size_tablet=&#8221;42px&#8221; header_2_font_size_phone=&#8221;32px&#8221; header_2_font_size_last_edited=&#8221;on|desktop&#8221; header_3_font_size_tablet=&#8221;42px&#8221; header_3_font_size_phone=&#8221;32px&#8221; header_3_font_size_last_edited=&#8221;on|desktop&#8221; header_4_font_size_tablet=&#8221;42px&#8221; header_4_font_size_phone=&#8221;32px&#8221; header_4_font_size_last_edited=&#8221;on|desktop&#8221; header_5_font_size_tablet=&#8221;42px&#8221; header_5_font_size_phone=&#8221;32px&#8221; header_5_font_size_last_edited=&#8221;on|desktop&#8221; header_6_font_size_tablet=&#8221;42px&#8221; header_6_font_size_phone=&#8221;32px&#8221; header_6_font_size_last_edited=&#8221;on|desktop&#8221; locked=&#8221;off&#8221;]<\/p>\n<h1>\u00daltimes not\u00edcies<\/h1>\n<p>[\/et_pb_text][\/et_pb_column][\/et_pb_row][\/et_pb_section][et_pb_section fb_built=&#8221;1&#8243; custom_padding_last_edited=&#8221;on|phone&#8221; admin_label=&#8221;CTA Section&#8221; _builder_version=&#8221;4.3.2&#8243; custom_margin=&#8221;0px||0px||true|false&#8221; custom_margin_tablet=&#8221;&#8221; custom_margin_phone=&#8221;&#8221; custom_margin_last_edited=&#8221;on|phone&#8221; custom_padding=&#8221;120px||120px||true|false&#8221; custom_padding_tablet=&#8221;60px||60px||true|false&#8221; custom_padding_phone=&#8221;60px||60px||true|false&#8221; locked=&#8221;off&#8221; custom_margin__hover_enabled=&#8221;off|desktop&#8221;][et_pb_row column_structure=&#8221;3_5,2_5&#8243; custom_padding_last_edited=&#8221;on|phone&#8221; _builder_version=&#8221;4.3.2&#8243; custom_margin_tablet=&#8221;||0px||false|false&#8221; custom_margin_phone=&#8221;||0px||false|false&#8221; custom_margin_last_edited=&#8221;on|phone&#8221; custom_padding=&#8221;0px||0px||true|false&#8221; custom_padding_tablet=&#8221;0px||0px||true|false&#8221; custom_padding_phone=&#8221;0px||0px||true|false&#8221;][et_pb_column type=&#8221;3_5&#8243; _builder_version=&#8221;4.3.2&#8243;][et_pb_blog include_categories=&#8221;8&#8243; meta_date=&#8221;j M, Y&#8221; show_thumbnail=&#8221;off&#8221; excerpt_length=&#8221;120&#8243; show_author=&#8221;off&#8221; _builder_version=&#8221;4.3.2&#8243; header_font=&#8221;|800|||||||&#8221; header_font_size=&#8221;25px&#8221; header_line_height=&#8221;1.4em&#8221; body_text_color=&#8221;#0c1946&#8243; body_font_size=&#8221;18px&#8221; body_line_height=&#8221;1.8em&#8221; meta_font=&#8221;|700|||||||&#8221; meta_text_color=&#8221;#f4583f&#8221; custom_margin=&#8221;||0px||false|false&#8221; custom_padding=&#8221;||0px||false|false&#8221; hover_enabled=&#8221;0&#8243; header_font_size_tablet=&#8221;25px&#8221; header_font_size_phone=&#8221;&#8221; header_font_size_last_edited=&#8221;on|desktop&#8221; locked=&#8221;off&#8221;][\/et_pb_blog][\/et_pb_column][et_pb_column type=&#8221;2_5&#8243; _builder_version=&#8221;4.3.2&#8243;][et_pb_sidebar show_border=&#8221;off&#8221; module_class=&#8221;sidebar&#8221; _builder_version=&#8221;4.3.2&#8243; header_font=&#8221;|700|||||||&#8221; header_text_align=&#8221;left&#8221; header_font_size=&#8221;25px&#8221; header_line_height=&#8221;1.4em&#8221; body_font=&#8221;||||||||&#8221; body_text_color=&#8221;#0c1946&#8243; body_font_size=&#8221;18px&#8221; body_line_height=&#8221;1.6em&#8221; background_color=&#8221;#f4583f&#8221; custom_padding=&#8221;80px|80px|80px|80px|true|true&#8221; custom_padding_tablet=&#8221;60px|60px|60px|60px|true|true&#8221; custom_padding_phone=&#8221;40px|40px|40px|40px|true|true&#8221; custom_padding_last_edited=&#8221;on|phone&#8221; header_font_size_tablet=&#8221;&#8221; header_font_size_phone=&#8221;18px&#8221; header_font_size_last_edited=&#8221;on|desktop&#8221; box_shadow_style=&#8221;preset4&#8243; box_shadow_horizontal=&#8221;351px&#8221; box_shadow_vertical=&#8221;-200px&#8221; box_shadow_spread=&#8221;-10px&#8221; box_shadow_color=&#8221;#0c1946&#8243; box_shadow_color_tablet=&#8221;rgba(0,0,0,0)&#8221; box_shadow_color_phone=&#8221;rgba(0,0,0,0)&#8221; box_shadow_color_last_edited=&#8221;on|phone&#8221; header_2_font_size_tablet=&#8221;36px&#8221; header_2_font_size_phone=&#8221;32px&#8221; header_2_font_size_last_edited=&#8221;on|phone&#8221; header_3_font_size_phone=&#8221;25px&#8221; header_3_font_size_last_edited=&#8221;on|phone&#8221; header_4_font_size_phone=&#8221;50px&#8221; header_4_font_size_last_edited=&#8221;on|phone&#8221; header_5_font_size_phone=&#8221;50px&#8221; header_5_font_size_last_edited=&#8221;on|phone&#8221; header_6_font_size_phone=&#8221;50px&#8221; header_6_font_size_last_edited=&#8221;on|phone&#8221;][\/et_pb_sidebar][\/et_pb_column][\/et_pb_row][\/et_pb_section]<\/p>\n","protected":false},"excerpt":{"rendered":"<p>\u00daltimes not\u00edcies<\/p>\n","protected":false},"author":2,"featured_media":0,"parent":0,"menu_order":0,"comment_status":"closed","ping_status":"closed","template":"","meta":{"_et_pb_use_builder":"on","_et_pb_old_content":"<!-- wp:paragraph -->\r\n<p>This is an example page. It's different from a blog post because it will stay in one place and will show up in your site navigation (in most themes). Most people start with an About page that introduces them to potential site visitors. It might say something like this:<\/p>\r\n<!-- \/wp:paragraph -->\r\n\r\n<!-- wp:quote -->\r\n<blockquote class=\"wp-block-quote\">\r\n<p>Hi there! I'm a bike messenger by day, aspiring actor by night, and this is my website. I live in Los Angeles, have a great dog named Jack, and I like pi\u00f1a coladas. (And gettin' caught in the rain.)<\/p>\r\n<\/blockquote>\r\n<!-- \/wp:quote -->\r\n\r\n<!-- wp:paragraph -->\r\n<p>...or something like this:<\/p>\r\n<!-- \/wp:paragraph -->\r\n\r\n<!-- wp:quote -->\r\n<blockquote class=\"wp-block-quote\">\r\n<p>The XYZ Doohickey Company was founded in 1971, and has been providing quality doohickeys to the public ever since. Located in Gotham City, XYZ employs over 2,000 people and does all kinds of awesome things for the Gotham community.<\/p>\r\n<\/blockquote>\r\n<!-- \/wp:quote -->\r\n\r\n<!-- wp:paragraph -->\r\n<p>As a new WordPress user, you should go to <a href=\"http:\/\/www.muboma.com\/wp-admin\/\">your dashboard<\/a> to delete this page and create new pages for your content. Have fun!<\/p>\r\n<!-- \/wp:paragraph -->","_et_gb_content_width":"","footnotes":""},"class_list":["post-760","page","type-page","status-publish","hentry"],"yoast_head":"<!-- This site is optimized with the Yoast SEO plugin v24.1 - https:\/\/yoast.com\/wordpress\/plugins\/seo\/ -->\n<title>Not\u00edcies MUBOMA - Museu de Bombers de la Prov\u00edncia d&#039;Alacant<\/title>\n<meta name=\"description\" content=\"Totes les not\u00edcies de MUBOMA, el primer Museu de Bombers de la Comunitat Valenciana, ubicat a la ciutat d\u00b4Alcoi (Alacant).\" \/>\n<meta name=\"robots\" content=\"index, follow, max-snippet:-1, max-image-preview:large, max-video-preview:-1\" \/>\n<link rel=\"canonical\" href=\"https:\/\/muboma.com\/noticias\/\" \/>\n<meta property=\"og:locale\" content=\"ca_ES\" \/>\n<meta property=\"og:type\" content=\"article\" \/>\n<meta property=\"og:title\" content=\"Not\u00edcies MUBOMA - Museu de Bombers de la Prov\u00edncia d&#039;Alacant\" \/>\n<meta property=\"og:description\" content=\"Totes les not\u00edcies de MUBOMA, el primer Museu de Bombers de la Comunitat Valenciana, ubicat a la ciutat d\u00b4Alcoi (Alacant).\" \/>\n<meta property=\"og:url\" content=\"https:\/\/muboma.com\/noticias\/\" \/>\n<meta property=\"og:site_name\" content=\"MUBOMA\" \/>\n<meta property=\"article:publisher\" content=\"https:\/\/www.facebook.com\/MUBOMA\/\" \/>\n<meta property=\"article:modified_time\" content=\"2024-03-27T12:46:21+00:00\" \/>\n<meta property=\"og:image\" content=\"https:\/\/muboma.com\/wp-content\/uploads\/logo-muboma-1.png\" \/>\n\t<meta property=\"og:image:width\" content=\"197\" \/>\n\t<meta property=\"og:image:height\" content=\"48\" \/>\n\t<meta property=\"og:image:type\" content=\"image\/png\" \/>\n<meta name=\"twitter:card\" content=\"summary_large_image\" \/>\n<meta name=\"twitter:site\" content=\"@MUBOMA\" \/>\n<meta name=\"twitter:label1\" content=\"Temps estimat de lectura\" \/>\n\t<meta name=\"twitter:data1\" content=\"4 minuts\" \/>\n<script type=\"application\/ld+json\" class=\"yoast-schema-graph\">{\"@context\":\"https:\/\/schema.org\",\"@graph\":[{\"@type\":\"WebPage\",\"@id\":\"https:\/\/muboma.com\/noticias\/\",\"url\":\"https:\/\/muboma.com\/noticias\/\",\"name\":\"Not\u00edcies MUBOMA - Museu de Bombers de la Prov\u00edncia d'Alacant\",\"isPartOf\":{\"@id\":\"https:\/\/muboma.com\/#website\"},\"datePublished\":\"2020-03-25T16:59:59+00:00\",\"dateModified\":\"2024-03-27T12:46:21+00:00\",\"description\":\"Totes les not\u00edcies de MUBOMA, el primer Museu de Bombers de la Comunitat Valenciana, ubicat a la ciutat d\u00b4Alcoi (Alacant).\",\"breadcrumb\":{\"@id\":\"https:\/\/muboma.com\/noticias\/#breadcrumb\"},\"inLanguage\":\"ca\",\"potentialAction\":[{\"@type\":\"ReadAction\",\"target\":[\"https:\/\/muboma.com\/noticias\/\"]}]},{\"@type\":\"BreadcrumbList\",\"@id\":\"https:\/\/muboma.com\/noticias\/#breadcrumb\",\"itemListElement\":[{\"@type\":\"ListItem\",\"position\":1,\"name\":\"Portada\",\"item\":\"https:\/\/muboma.com\/ca\/\"},{\"@type\":\"ListItem\",\"position\":2,\"name\":\"Not\u00edcies\"}]},{\"@type\":\"WebSite\",\"@id\":\"https:\/\/muboma.com\/#website\",\"url\":\"https:\/\/muboma.com\/\",\"name\":\"MUBOMA\",\"description\":\"Museo de Bomberos del Consorcio Provincial de Alicante\",\"publisher\":{\"@id\":\"https:\/\/muboma.com\/#organization\"},\"potentialAction\":[{\"@type\":\"SearchAction\",\"target\":{\"@type\":\"EntryPoint\",\"urlTemplate\":\"https:\/\/muboma.com\/?s={search_term_string}\"},\"query-input\":{\"@type\":\"PropertyValueSpecification\",\"valueRequired\":true,\"valueName\":\"search_term_string\"}}],\"inLanguage\":\"ca\"},{\"@type\":\"Organization\",\"@id\":\"https:\/\/muboma.com\/#organization\",\"name\":\"MUBOMA\",\"url\":\"https:\/\/muboma.com\/\",\"logo\":{\"@type\":\"ImageObject\",\"inLanguage\":\"ca\",\"@id\":\"https:\/\/muboma.com\/#\/schema\/logo\/image\/\",\"url\":\"https:\/\/muboma.com\/wp-content\/uploads\/logo-muboma-1.png\",\"contentUrl\":\"https:\/\/muboma.com\/wp-content\/uploads\/logo-muboma-1.png\",\"width\":197,\"height\":48,\"caption\":\"MUBOMA\"},\"image\":{\"@id\":\"https:\/\/muboma.com\/#\/schema\/logo\/image\/\"},\"sameAs\":[\"https:\/\/www.facebook.com\/MUBOMA\/\",\"https:\/\/x.com\/MUBOMA\",\"https:\/\/www.instagram.com\/muboma_museo_bomberos\/\",\"https:\/\/www.youtube.com\/user\/MuseoMuboma\"]}]}<\/script>\n<!-- \/ Yoast SEO plugin. -->","yoast_head_json":{"title":"Not\u00edcies MUBOMA - Museu de Bombers de la Prov\u00edncia d'Alacant","description":"Totes les not\u00edcies de MUBOMA, el primer Museu de Bombers de la Comunitat Valenciana, ubicat a la ciutat d\u00b4Alcoi (Alacant).","robots":{"index":"index","follow":"follow","max-snippet":"max-snippet:-1","max-image-preview":"max-image-preview:large","max-video-preview":"max-video-preview:-1"},"canonical":"https:\/\/muboma.com\/noticias\/","og_locale":"ca_ES","og_type":"article","og_title":"Not\u00edcies MUBOMA - Museu de Bombers de la Prov\u00edncia d'Alacant","og_description":"Totes les not\u00edcies de MUBOMA, el primer Museu de Bombers de la Comunitat Valenciana, ubicat a la ciutat d\u00b4Alcoi (Alacant).","og_url":"https:\/\/muboma.com\/noticias\/","og_site_name":"MUBOMA","article_publisher":"https:\/\/www.facebook.com\/MUBOMA\/","article_modified_time":"2024-03-27T12:46:21+00:00","og_image":[{"width":197,"height":48,"url":"https:\/\/muboma.com\/wp-content\/uploads\/logo-muboma-1.png","type":"image\/png"}],"twitter_card":"summary_large_image","twitter_site":"@MUBOMA","twitter_misc":{"Temps estimat de lectura":"4 minuts"},"schema":{"@context":"https:\/\/schema.org","@graph":[{"@type":"WebPage","@id":"https:\/\/muboma.com\/noticias\/","url":"https:\/\/muboma.com\/noticias\/","name":"Not\u00edcies MUBOMA - Museu de Bombers de la Prov\u00edncia d'Alacant","isPartOf":{"@id":"https:\/\/muboma.com\/#website"},"datePublished":"2020-03-25T16:59:59+00:00","dateModified":"2024-03-27T12:46:21+00:00","description":"Totes les not\u00edcies de MUBOMA, el primer Museu de Bombers de la Comunitat Valenciana, ubicat a la ciutat d\u00b4Alcoi (Alacant).","breadcrumb":{"@id":"https:\/\/muboma.com\/noticias\/#breadcrumb"},"inLanguage":"ca","potentialAction":[{"@type":"ReadAction","target":["https:\/\/muboma.com\/noticias\/"]}]},{"@type":"BreadcrumbList","@id":"https:\/\/muboma.com\/noticias\/#breadcrumb","itemListElement":[{"@type":"ListItem","position":1,"name":"Portada","item":"https:\/\/muboma.com\/ca\/"},{"@type":"ListItem","position":2,"name":"Not\u00edcies"}]},{"@type":"WebSite","@id":"https:\/\/muboma.com\/#website","url":"https:\/\/muboma.com\/","name":"MUBOMA","description":"Museo de Bomberos del Consorcio Provincial de Alicante","publisher":{"@id":"https:\/\/muboma.com\/#organization"},"potentialAction":[{"@type":"SearchAction","target":{"@type":"EntryPoint","urlTemplate":"https:\/\/muboma.com\/?s={search_term_string}"},"query-input":{"@type":"PropertyValueSpecification","valueRequired":true,"valueName":"search_term_string"}}],"inLanguage":"ca"},{"@type":"Organization","@id":"https:\/\/muboma.com\/#organization","name":"MUBOMA","url":"https:\/\/muboma.com\/","logo":{"@type":"ImageObject","inLanguage":"ca","@id":"https:\/\/muboma.com\/#\/schema\/logo\/image\/","url":"https:\/\/muboma.com\/wp-content\/uploads\/logo-muboma-1.png","contentUrl":"https:\/\/muboma.com\/wp-content\/uploads\/logo-muboma-1.png","width":197,"height":48,"caption":"MUBOMA"},"image":{"@id":"https:\/\/muboma.com\/#\/schema\/logo\/image\/"},"sameAs":["https:\/\/www.facebook.com\/MUBOMA\/","https:\/\/x.com\/MUBOMA","https:\/\/www.instagram.com\/muboma_museo_bomberos\/","https:\/\/www.youtube.com\/user\/MuseoMuboma"]}]}},"_links":{"self":[{"href":"https:\/\/muboma.com\/ca\/wp-json\/wp\/v2\/pages\/760","targetHints":{"allow":["GET"]}}],"collection":[{"href":"https:\/\/muboma.com\/ca\/wp-json\/wp\/v2\/pages"}],"about":[{"href":"https:\/\/muboma.com\/ca\/wp-json\/wp\/v2\/types\/page"}],"author":[{"embeddable":true,"href":"https:\/\/muboma.com\/ca\/wp-json\/wp\/v2\/users\/2"}],"replies":[{"embeddable":true,"href":"https:\/\/muboma.com\/ca\/wp-json\/wp\/v2\/comments?post=760"}],"version-history":[{"count":3,"href":"https:\/\/muboma.com\/ca\/wp-json\/wp\/v2\/pages\/760\/revisions"}],"predecessor-version":[{"id":1230,"href":"https:\/\/muboma.com\/ca\/wp-json\/wp\/v2\/pages\/760\/revisions\/1230"}],"wp:attachment":[{"href":"https:\/\/muboma.com\/ca\/wp-json\/wp\/v2\/media?parent=760"}],"curies":[{"name":"wp","href":"https:\/\/api.w.org\/{rel}","templated":true}]}}